{"id":560,"date":"2020-09-23T08:56:46","date_gmt":"2020-09-23T06:56:46","guid":{"rendered":"http:\/\/planetm.si\/?page_id=560"},"modified":"2025-11-06T18:08:44","modified_gmt":"2025-11-06T16:08:44","slug":"o-nas","status":"publish","type":"page","link":"http:\/\/planetm.si\/?page_id=560","title":{"rendered":"O nas"},"content":{"rendered":"<p>Podjetje Planet M d.o.o se ukvarja s tr\u017eenjem pripomo\u010dkov in rezervnih delov diagnosti\u010dne medicinske opreme. Dobavljamo potro\u0161ni material, dodatno opremo in rezervne dele.<\/p>\n<p>V partnerstvu z vodilnimi podjetji v sektorju zagotavljamo tudi:<\/p>\n<p>&#8211; popravilo vseh vrst ultrazvo\u010dnih sond<br \/>\n&#8211; rezervni deli, potro\u0161ni material, biomedicinska oprema (pulzni oksimetri, monitorji, sonde, ekografi, defibrilatorji, endoskopi\u2026)<\/p>\n<p>&nbsp;<\/p>\n<p><a href=\"http:\/\/planetm.si\/wp-content\/uploads\/2019\/07\/\u0441_defibrillator.jpg\"><img loading=\"lazy\" decoding=\"async\" class=\"alignnone size-thumbnail wp-image-420\" src=\"http:\/\/planetm.si\/wp-content\/uploads\/2019\/07\/\u0441_defibrillator-150x150.jpg\" alt=\"\" width=\"150\" height=\"150\" \/><\/a> <a href=\"http:\/\/planetm.si\/wp-content\/uploads\/2021\/03\/MD300M.jpg\"><img loading=\"lazy\" decoding=\"async\" class=\"alignnone size-thumbnail wp-image-749\" src=\"http:\/\/planetm.si\/wp-content\/uploads\/2021\/03\/MD300M-150x150.jpg\" alt=\"\" width=\"150\" height=\"150\" srcset=\"http:\/\/planetm.si\/wp-content\/uploads\/2021\/03\/MD300M-150x150.jpg 150w, http:\/\/planetm.si\/wp-content\/uploads\/2021\/03\/MD300M-300x300.jpg 300w, http:\/\/planetm.si\/wp-content\/uploads\/2021\/03\/MD300M.jpg 500w\" sizes=\"auto, (max-width: 150px) 100vw, 150px\" \/><\/a> <a href=\"http:\/\/planetm.si\/wp-content\/uploads\/2019\/04\/lab_endo.jpg\"><img loading=\"lazy\" decoding=\"async\" class=\"alignnone size-thumbnail wp-image-384\" src=\"http:\/\/planetm.si\/wp-content\/uploads\/2019\/04\/lab_endo-150x121.jpg\" alt=\"\" width=\"150\" height=\"121\" \/>\u00a0\u00a0 <img loading=\"lazy\" decoding=\"async\" class=\"alignnone size-full wp-image-172\" src=\"http:\/\/planetm.si\/wp-content\/uploads\/2014\/01\/us_probes2.jpg\" alt=\"\" width=\"125\" height=\"125\" \/><\/a><\/p>\n","protected":false},"excerpt":{"rendered":"<p>Podjetje Planet M d.o.o se ukvarja s tr\u017eenjem pripomo\u010dkov in rezervnih delov diagnosti\u010dne medicinske opreme. Dobavljamo potro\u0161ni material, dodatno opremo in rezervne dele. V partnerstvu z vodilnimi podjetji v sektorju zagotavljamo tudi: &#8211; popravilo vseh vrst ultrazvo\u010dnih sond &#8211; rezervni deli, potro\u0161ni material, biomedicinska oprema (pulzni oksimetri, monitorji, sonde, ekografi, defibrilatorji, endoskopi\u2026) &nbsp; \u00a0\u00a0<\/p>\n","protected":false},"author":1,"featured_media":0,"parent":0,"menu_order":0,"comment_status":"closed","ping_status":"closed","template":"","meta":{"footnotes":""},"class_list":["post-560","page","type-page","status-publish","hentry"],"_links":{"self":[{"href":"http:\/\/planetm.si\/index.php?rest_route=\/wp\/v2\/pages\/560","targetHints":{"allow":["GET"]}}],"collection":[{"href":"http:\/\/planetm.si\/index.php?rest_route=\/wp\/v2\/pages"}],"about":[{"href":"http:\/\/planetm.si\/index.php?rest_route=\/wp\/v2\/types\/page"}],"author":[{"embeddable":true,"href":"http:\/\/planetm.si\/index.php?rest_route=\/wp\/v2\/users\/1"}],"replies":[{"embeddable":true,"href":"http:\/\/planetm.si\/index.php?rest_route=%2Fwp%2Fv2%2Fcomments&post=560"}],"version-history":[{"count":9,"href":"http:\/\/planetm.si\/index.php?rest_route=\/wp\/v2\/pages\/560\/revisions"}],"predecessor-version":[{"id":870,"href":"http:\/\/planetm.si\/index.php?rest_route=\/wp\/v2\/pages\/560\/revisions\/870"}],"wp:attachment":[{"href":"http:\/\/planetm.si\/index.php?rest_route=%2Fwp%2Fv2%2Fmedia&parent=560"}],"curies":[{"name":"wp","href":"https:\/\/api.w.org\/{rel}","templated":true}]}}