{"id":476,"date":"2019-07-31T16:09:02","date_gmt":"2019-07-31T14:09:02","guid":{"rendered":"http:\/\/planetm.si\/?page_id=476"},"modified":"2020-09-23T14:21:15","modified_gmt":"2020-09-23T12:21:15","slug":"ultrazvocne-sonde-za-fetalni-monitor","status":"publish","type":"page","link":"http:\/\/planetm.si\/?page_id=476","title":{"rendered":"Ultrazvo\u010dne sonde za fetalni monitor"},"content":{"rendered":"<p>&nbsp;<\/p>\n<p>Nudimo kakovostno in hitro popravilo vseh znamk ultrazvo\u010dnih sond za fetalni monitor. Poleg popravila lahko priskrbimo po odli\u010dnih cenah originalne in kompatibilne ultrazvo\u010dne sonde.<\/p>\n<p>&nbsp;<\/p>\n<p style=\"text-align: center;\"><a href=\"http:\/\/planetm.si\/wp-content\/uploads\/2019\/07\/fetal-probe.jpg\"><img loading=\"lazy\" decoding=\"async\" class=\"alignnone wp-image-426 size-medium\" src=\"http:\/\/planetm.si\/wp-content\/uploads\/2019\/07\/fetal-probe-300x166.jpg\" alt=\"\" width=\"300\" height=\"166\" srcset=\"http:\/\/planetm.si\/wp-content\/uploads\/2019\/07\/fetal-probe-300x166.jpg 300w, http:\/\/planetm.si\/wp-content\/uploads\/2019\/07\/fetal-probe.jpg 301w\" sizes=\"auto, (max-width: 300px) 100vw, 300px\" \/><\/a> <a href=\"http:\/\/planetm.si\/wp-content\/uploads\/2019\/07\/m2736a_fetal_probe_transducer_for_philips.jpg\">\u00a0\u00a0\u00a0\u00a0\u00a0\u00a0\u00a0\u00a0\u00a0 <img loading=\"lazy\" decoding=\"async\" class=\"alignnone size-thumbnail wp-image-424\" src=\"http:\/\/planetm.si\/wp-content\/uploads\/2019\/07\/m2736a_fetal_probe_transducer_for_philips-150x150.jpg\" alt=\"\" width=\"150\" height=\"150\" \/><\/a><\/p>\n","protected":false},"excerpt":{"rendered":"<p>&nbsp; Nudimo kakovostno in hitro popravilo vseh znamk ultrazvo\u010dnih sond za fetalni monitor. Poleg popravila lahko priskrbimo po odli\u010dnih cenah originalne in kompatibilne ultrazvo\u010dne sonde. &nbsp; \u00a0\u00a0\u00a0\u00a0\u00a0\u00a0\u00a0\u00a0\u00a0<\/p>\n","protected":false},"author":1,"featured_media":0,"parent":0,"menu_order":0,"comment_status":"closed","ping_status":"closed","template":"","meta":{"footnotes":""},"class_list":["post-476","page","type-page","status-publish","hentry"],"_links":{"self":[{"href":"http:\/\/planetm.si\/index.php?rest_route=\/wp\/v2\/pages\/476","targetHints":{"allow":["GET"]}}],"collection":[{"href":"http:\/\/planetm.si\/index.php?rest_route=\/wp\/v2\/pages"}],"about":[{"href":"http:\/\/planetm.si\/index.php?rest_route=\/wp\/v2\/types\/page"}],"author":[{"embeddable":true,"href":"http:\/\/planetm.si\/index.php?rest_route=\/wp\/v2\/users\/1"}],"replies":[{"embeddable":true,"href":"http:\/\/planetm.si\/index.php?rest_route=%2Fwp%2Fv2%2Fcomments&post=476"}],"version-history":[{"count":5,"href":"http:\/\/planetm.si\/index.php?rest_route=\/wp\/v2\/pages\/476\/revisions"}],"predecessor-version":[{"id":601,"href":"http:\/\/planetm.si\/index.php?rest_route=\/wp\/v2\/pages\/476\/revisions\/601"}],"wp:attachment":[{"href":"http:\/\/planetm.si\/index.php?rest_route=%2Fwp%2Fv2%2Fmedia&parent=476"}],"curies":[{"name":"wp","href":"https:\/\/api.w.org\/{rel}","templated":true}]}}