{"id":11,"date":"2013-08-27T13:45:21","date_gmt":"2013-08-27T13:45:21","guid":{"rendered":"http:\/\/planetm.si\/?page_id=11"},"modified":"2021-05-07T10:04:40","modified_gmt":"2021-05-07T08:04:40","slug":"medicinski-pripomocki","status":"publish","type":"page","link":"http:\/\/planetm.si\/?page_id=11","title":{"rendered":"Potro\u0161ni material"},"content":{"rendered":"<p>&nbsp;<\/p>\n<ul>\n<li><span style=\"color: #333333;\">Rezervni deli (\u017earnice, baterije, senzorji, ventilatorji, svetlobni kabli&#8230;)<\/span><\/li>\n<\/ul>\n<ul>\n<li><span style=\"color: #333333;\">Potro\u0161ni material (man\u0161ete za merjenje krv.tlaka, kit za vzdr\u017eevanje, saturatorji senzorji in kabli SpO2 , EKG kabli, EKG papir, elektrode&#8230;)<\/span><\/li>\n<\/ul>\n<p><span style=\"color: #333333;\">V na\u0161i paleti izdelkov imamo ve\u010d kot 50.000 artiklov. Na razpolago smo za vse \u017eelje in potrebe, da zadovoljimo va\u0161e povpra\u0161evanje. \u017deljeni izdelek vam najdemo po trenutno najbolj ugodni ceni na tr\u017ei\u0161\u010du. Na\u0161 odziv na povpra\u0161evanje je zelo hiter, na osnovi katerega vam po\u0161ljemo ponudbo, ki je cenovno najbolj konkuren\u010dna na tr\u017ei\u0161\u010du.<\/span><\/p>\n<p><a href=\"http:\/\/planetm.si\/wp-content\/uploads\/2021\/05\/unimed-accessori.jpg\"><img loading=\"lazy\" decoding=\"async\" class=\"alignnone size-large wp-image-766\" src=\"http:\/\/planetm.si\/wp-content\/uploads\/2021\/05\/unimed-accessori-1024x384.jpg\" alt=\"\" width=\"720\" height=\"270\" \/><\/a><\/p>\n<p style=\"text-align: left;\">\n","protected":false},"excerpt":{"rendered":"<p>&nbsp; Rezervni deli (\u017earnice, baterije, senzorji, ventilatorji, svetlobni kabli&#8230;) Potro\u0161ni material (man\u0161ete za merjenje krv.tlaka, kit za vzdr\u017eevanje, saturatorji senzorji in kabli SpO2 , EKG kabli, EKG papir, elektrode&#8230;) V na\u0161i paleti izdelkov imamo ve\u010d kot 50.000 artiklov. Na razpolago smo za vse \u017eelje in potrebe, da zadovoljimo va\u0161e povpra\u0161evanje. \u017deljeni izdelek vam najdemo po trenutno najbolj ugodni ceni na [&hellip;]<\/p>\n","protected":false},"author":1,"featured_media":0,"parent":0,"menu_order":0,"comment_status":"closed","ping_status":"open","template":"","meta":{"footnotes":""},"class_list":["post-11","page","type-page","status-publish","hentry"],"_links":{"self":[{"href":"http:\/\/planetm.si\/index.php?rest_route=\/wp\/v2\/pages\/11","targetHints":{"allow":["GET"]}}],"collection":[{"href":"http:\/\/planetm.si\/index.php?rest_route=\/wp\/v2\/pages"}],"about":[{"href":"http:\/\/planetm.si\/index.php?rest_route=\/wp\/v2\/types\/page"}],"author":[{"embeddable":true,"href":"http:\/\/planetm.si\/index.php?rest_route=\/wp\/v2\/users\/1"}],"replies":[{"embeddable":true,"href":"http:\/\/planetm.si\/index.php?rest_route=%2Fwp%2Fv2%2Fcomments&post=11"}],"version-history":[{"count":18,"href":"http:\/\/planetm.si\/index.php?rest_route=\/wp\/v2\/pages\/11\/revisions"}],"predecessor-version":[{"id":435,"href":"http:\/\/planetm.si\/index.php?rest_route=\/wp\/v2\/pages\/11\/revisions\/435"}],"wp:attachment":[{"href":"http:\/\/planetm.si\/index.php?rest_route=%2Fwp%2Fv2%2Fmedia&parent=11"}],"curies":[{"name":"wp","href":"https:\/\/api.w.org\/{rel}","templated":true}]}}